{"id":44,"date":"2025-10-14T12:43:49","date_gmt":"2025-10-14T12:43:49","guid":{"rendered":"https:\/\/be-cool.cl\/nuevo\/?page_id=44"},"modified":"2025-11-18T12:54:11","modified_gmt":"2025-11-18T12:54:11","slug":"about-us","status":"publish","type":"page","link":"https:\/\/be-cool.cl\/?page_id=44","title":{"rendered":"Acerca de BeCool"},"content":{"rendered":"\t\t<div data-elementor-type=\"wp-page\" data-elementor-id=\"44\" class=\"elementor elementor-44\">\n\t\t\t\t<div class=\"elementor-element elementor-element-69340c3b e-flex e-con-boxed elementor-invisible e-con e-parent\" data-id=\"69340c3b\" data-element_type=\"container\" data-settings=\"{&quot;background_background&quot;:&quot;classic&quot;,&quot;animation&quot;:&quot;fadeIn&quot;}\">\n\t\t\t\t\t<div class=\"e-con-inner\">\n\t\t\t\t<div class=\"elementor-element elementor-element-4711d607 elementor-widget-divider--view-line elementor-widget elementor-widget-divider\" data-id=\"4711d607\" data-element_type=\"widget\" data-widget_type=\"divider.default\">\n\t\t\t\t\t\t\t<div class=\"elementor-divider\">\n\t\t\t<span class=\"elementor-divider-separator\">\n\t\t\t\t\t\t<\/span>\n\t\t<\/div>\n\t\t\t\t\t\t<\/div>\n\t\t<div class=\"elementor-element elementor-element-22522fa e-con-full e-flex e-con e-child\" data-id=\"22522fa\" data-element_type=\"container\">\n\t\t\t\t<div class=\"elementor-element elementor-element-79477c55 elementor-widget elementor-widget-heading\" data-id=\"79477c55\" data-element_type=\"widget\" data-widget_type=\"heading.default\">\n\t\t\t\t\t<h2 class=\"elementor-heading-title elementor-size-default\">Somos<\/h2>\t\t\t\t<\/div>\n\t\t<div class=\"elementor-element elementor-element-78edd98 e-con-full e-flex e-con e-child\" data-id=\"78edd98\" data-element_type=\"container\" data-settings=\"{&quot;background_background&quot;:&quot;classic&quot;}\">\n\t\t\t\t<\/div>\n\t\t\t\t<\/div>\n\t\t<div class=\"elementor-element elementor-element-5a3f3e7 e-con-full e-flex e-con e-child\" data-id=\"5a3f3e7\" data-element_type=\"container\" data-settings=\"{&quot;background_background&quot;:&quot;classic&quot;}\">\n\t\t\t\t<div class=\"elementor-element elementor-element-b1c2e8d elementor-widget__width-initial elementor-widget elementor-widget-text-editor\" data-id=\"b1c2e8d\" data-element_type=\"widget\" data-widget_type=\"text-editor.default\">\n\t\t\t\t\t\t\t\t\t<p>Creemos y actuamos generando proyectos innovadores que ofrezcan soluciones integrales, ejecutadas con distincion y un sello propio.<\/p>\t\t\t\t\t\t\t\t<\/div>\n\t\t\t\t<\/div>\n\t\t\t\t\t<\/div>\n\t\t\t\t<\/div>\n\t\t<div class=\"elementor-element elementor-element-19ef1803 e-con-full e-flex elementor-invisible e-con e-parent\" data-id=\"19ef1803\" data-element_type=\"container\" data-settings=\"{&quot;animation&quot;:&quot;bounce&quot;}\">\n\t\t<div class=\"elementor-element elementor-element-3d423c1b e-con-full e-flex e-con e-child\" data-id=\"3d423c1b\" data-element_type=\"container\" data-settings=\"{&quot;background_background&quot;:&quot;classic&quot;}\">\n\t\t\t\t<\/div>\n\t\t<div class=\"elementor-element elementor-element-1324e3b6 e-con-full e-flex e-con e-child\" data-id=\"1324e3b6\" data-element_type=\"container\">\n\t\t<div class=\"elementor-element elementor-element-1cadb05f e-con-full e-flex e-con e-child\" data-id=\"1cadb05f\" data-element_type=\"container\">\n\t\t\t\t<div class=\"elementor-element elementor-element-30fbb45e elementor-widget elementor-widget-heading\" data-id=\"30fbb45e\" data-element_type=\"widget\" data-widget_type=\"heading.default\">\n\t\t\t\t\t<h1 class=\"elementor-heading-title elementor-size-default\">Misi\u00f3n<\/h1>\t\t\t\t<\/div>\n\t\t\t\t<div class=\"elementor-element elementor-element-1a58cb49 elementor-widget__width-initial elementor-invisible elementor-widget elementor-widget-text-editor\" data-id=\"1a58cb49\" data-element_type=\"widget\" data-settings=\"{&quot;_animation&quot;:&quot;fadeInDown&quot;}\" data-widget_type=\"text-editor.default\">\n\t\t\t\t\t\t\t\t\t<p data-start=\"510\" data-end=\"961\">Dise\u00f1amos y ejecutamos proyectos innovadores que acerquen la tecnolog\u00eda y el desarrollo sustentable a la industria productiva y a la sociedad, entregando soluciones integrales de alta calidad, seguras y respetuosas con el medio ambiente.<\/p><p data-start=\"510\" data-end=\"961\"><br data-start=\"744\" data-end=\"747\" \/>Acompa\u00f1amos a nuestros clientes en el dise\u00f1o de estrategias y soluciones que respondan de forma global a las nuevas condiciones del mercado, las tendencias emergentes y los desaf\u00edos que puedan afectar su desempe\u00f1o.<\/p>\t\t\t\t\t\t\t\t<\/div>\n\t\t<div class=\"elementor-element elementor-element-2c5d657 e-con-full e-flex e-con e-child\" data-id=\"2c5d657\" data-element_type=\"container\">\n\t\t\t\t<div class=\"elementor-element elementor-element-ca624c7 elementor-widget__width-initial elementor-widget elementor-widget-counter\" data-id=\"ca624c7\" data-element_type=\"widget\" data-widget_type=\"counter.default\">\n\t\t\t\t\t\t\t<div class=\"elementor-counter\">\n\t\t\t<div class=\"elementor-counter-title\">Realizados<\/div>\t\t\t<div class=\"elementor-counter-number-wrapper\">\n\t\t\t\t<span class=\"elementor-counter-number-prefix\">+<\/span>\n\t\t\t\t<span class=\"elementor-counter-number\" data-duration=\"3000\" data-to-value=\"600\" data-from-value=\"0\" data-delimiter=\"&#039;\">0<\/span>\n\t\t\t\t<span class=\"elementor-counter-number-suffix\"> Proyectos<\/span>\n\t\t\t<\/div>\n\t\t<\/div>\n\t\t\t\t\t\t<\/div>\n\t\t\t\t<div class=\"elementor-element elementor-element-773d028 elementor-widget__width-initial elementor-widget elementor-widget-counter\" data-id=\"773d028\" data-element_type=\"widget\" data-widget_type=\"counter.default\">\n\t\t\t\t\t\t\t<div class=\"elementor-counter\">\n\t\t\t<div class=\"elementor-counter-title\">Colaboradores<\/div>\t\t\t<div class=\"elementor-counter-number-wrapper\">\n\t\t\t\t<span class=\"elementor-counter-number-prefix\">+<\/span>\n\t\t\t\t<span class=\"elementor-counter-number\" data-duration=\"3000\" data-to-value=\"100\" data-from-value=\"0\" data-delimiter=\"&#039;\">0<\/span>\n\t\t\t\t<span class=\"elementor-counter-number-suffix\"> <\/span>\n\t\t\t<\/div>\n\t\t<\/div>\n\t\t\t\t\t\t<\/div>\n\t\t\t\t<\/div>\n\t\t\t\t<\/div>\n\t\t\t\t<\/div>\n\t\t\t\t<\/div>\n\t\t<div class=\"elementor-element elementor-element-6d796fa4 e-con-full e-flex elementor-invisible e-con e-parent\" data-id=\"6d796fa4\" data-element_type=\"container\" data-settings=\"{&quot;animation&quot;:&quot;bounce&quot;}\">\n\t\t<div class=\"elementor-element elementor-element-120bfebc e-con-full e-flex e-con e-child\" data-id=\"120bfebc\" data-element_type=\"container\" data-settings=\"{&quot;background_background&quot;:&quot;classic&quot;}\">\n\t\t\t\t<\/div>\n\t\t<div class=\"elementor-element elementor-element-358ca1a6 e-con-full e-flex e-con e-child\" data-id=\"358ca1a6\" data-element_type=\"container\">\n\t\t\t\t<div class=\"elementor-element elementor-element-f555ea7 elementor-widget elementor-widget-heading\" data-id=\"f555ea7\" data-element_type=\"widget\" data-widget_type=\"heading.default\">\n\t\t\t\t\t<h2 class=\"elementor-heading-title elementor-size-default\">Visi\u00f3n<\/h2>\t\t\t\t<\/div>\n\t\t<div class=\"elementor-element elementor-element-f010e39 e-con-full e-flex e-con e-child\" data-id=\"f010e39\" data-element_type=\"container\">\n\t\t\t\t<div class=\"elementor-element elementor-element-65dd65ce elementor-widget__width-initial elementor-widget elementor-widget-text-editor\" data-id=\"65dd65ce\" data-element_type=\"widget\" data-widget_type=\"text-editor.default\">\n\t\t\t\t\t\t\t\t\t<p>Ser una empresa referente en la gesti\u00f3n y ejecuci\u00f3n de proyectos que integren tecnolog\u00eda, sustentabilidad y desarrollo social, promoviendo equilibrios significativos entre la industria y la sociedad para construir un futuro consciente, responsable y sostenible.<\/p>\t\t\t\t\t\t\t\t<\/div>\n\t\t\t\t<div class=\"elementor-element elementor-element-11ec907 elementor-widget__width-initial elementor-widget elementor-widget-counter\" data-id=\"11ec907\" data-element_type=\"widget\" data-widget_type=\"counter.default\">\n\t\t\t\t\t\t\t<div class=\"elementor-counter\">\n\t\t\t<div class=\"elementor-counter-title\">Experiencia<\/div>\t\t\t<div class=\"elementor-counter-number-wrapper\">\n\t\t\t\t<span class=\"elementor-counter-number-prefix\">+<\/span>\n\t\t\t\t<span class=\"elementor-counter-number\" data-duration=\"3000\" data-to-value=\"12\" data-from-value=\"0\" data-delimiter=\",\">0<\/span>\n\t\t\t\t<span class=\"elementor-counter-number-suffix\"> a\u00f1os<\/span>\n\t\t\t<\/div>\n\t\t<\/div>\n\t\t\t\t\t\t<\/div>\n\t\t\t\t<\/div>\n\t\t\t\t<\/div>\n\t\t\t\t<\/div>\n\t\t<div class=\"elementor-element elementor-element-a086ce4 e-con-full e-flex e-con e-parent\" data-id=\"a086ce4\" data-element_type=\"container\" data-settings=\"{&quot;background_background&quot;:&quot;classic&quot;}\">\n\t\t<div class=\"elementor-element elementor-element-c8e9379 e-con-full e-flex e-con e-child\" data-id=\"c8e9379\" data-element_type=\"container\">\n\t\t\t\t<div class=\"elementor-element elementor-element-684e737 elementor-absolute elementor-widget elementor-widget-heading\" data-id=\"684e737\" data-element_type=\"widget\" data-settings=\"{&quot;_position&quot;:&quot;absolute&quot;}\" data-widget_type=\"heading.default\">\n\t\t\t\t\t<h2 class=\"elementor-heading-title elementor-size-default\">Es importante para nosotros mantenernos comunicados<\/h2>\t\t\t\t<\/div>\n\t\t<div class=\"elementor-element elementor-element-413e0f4 e-con-full e-flex e-con e-child\" data-id=\"413e0f4\" data-element_type=\"container\">\n\t\t\t\t<div class=\"elementor-element elementor-element-7b15d4f elementor-align-center elementor-invisible elementor-widget elementor-widget-button\" data-id=\"7b15d4f\" data-element_type=\"widget\" data-settings=\"{&quot;_animation&quot;:&quot;fadeInDown&quot;}\" data-widget_type=\"button.default\">\n\t\t\t\t\t\t\t\t\t\t<a class=\"elementor-button elementor-button-link elementor-size-sm elementor-animation-float\" href=\"https:\/\/library.elementor.com\/ceramic-workshops-flexbox\/workshops\/\">\n\t\t\t\t\t\t<span class=\"elementor-button-content-wrapper\">\n\t\t\t\t\t\t\t\t\t<span class=\"elementor-button-text\">Agenda tu primera reunion On-line<\/span>\n\t\t\t\t\t<\/span>\n\t\t\t\t\t<\/a>\n\t\t\t\t\t\t\t\t<\/div>\n\t\t\t\t<\/div>\n\t\t\t\t<\/div>\n\t\t\t\t<\/div>\n\t\t<div class=\"elementor-element elementor-element-278708c e-flex e-con-boxed e-con e-parent\" data-id=\"278708c\" data-element_type=\"container\">\n\t\t\t\t\t<div class=\"e-con-inner\">\n\t\t\t\t<div class=\"elementor-element elementor-element-98089a2 elementor-widget elementor-widget-html\" data-id=\"98089a2\" data-element_type=\"widget\" data-widget_type=\"html.default\">\n\t\t\t\t\t<video autoplay muted loop playsinline id=\"video-bg\">\r\n  <source src=https:\/\/be-cool.cl\/wp-content\/uploads\/2025\/10\/video.mp4 type=\"video\/mp4\">\r\n<\/video>\r\n\r\n<div id=\"video-overlay\"><\/div>\r\n\r\n<style>\r\n#video-bg {\r\n  position: fixed;\r\n  top: 0;\r\n  left: 0;\r\n  width: 100%;\r\n  height: 100%;\r\n  object-fit: cover;\r\n  z-index: -2;\r\n  pointer-events: none;\r\n}\r\n\r\n#video-overlay {\r\n  position: fixed;\r\n  top: 0;\r\n  left: 0;\r\n  width: 100%;\r\n  height: 100%;\r\n  background-color: rgba(0, 0, 0, 0.5); \/* Cambia 0.5 para m\u00e1s o menos oscuridad *\/\r\n  z-index: -1;\r\n  pointer-events: none;\r\n}\r\n<\/style>\t\t\t\t<\/div>\n\t\t\t\t\t<\/div>\n\t\t\t\t<\/div>\n\t\t\t\t<\/div>\n\t\t","protected":false},"excerpt":{"rendered":"<p>Somos Creemos y actuamos generando proyectos innovadores que ofrezcan soluciones integrales, ejecutadas con distincion y un sello propio. Misi\u00f3n Dise\u00f1amos y ejecutamos proyectos innovadores que acerquen la tecnolog\u00eda y el desarrollo sustentable a la industria productiva y a la sociedad, entregando soluciones integrales de alta calidad, seguras y respetuosas con el medio ambiente. Acompa\u00f1amos a [&hellip;]<\/p>\n","protected":false},"author":1,"featured_media":55,"parent":0,"menu_order":0,"comment_status":"closed","ping_status":"closed","template":"elementor_header_footer","meta":{"footnotes":""},"class_list":["post-44","page","type-page","status-publish","has-post-thumbnail","hentry"],"_links":{"self":[{"href":"https:\/\/be-cool.cl\/index.php?rest_route=\/wp\/v2\/pages\/44","targetHints":{"allow":["GET"]}}],"collection":[{"href":"https:\/\/be-cool.cl\/index.php?rest_route=\/wp\/v2\/pages"}],"about":[{"href":"https:\/\/be-cool.cl\/index.php?rest_route=\/wp\/v2\/types\/page"}],"author":[{"embeddable":true,"href":"https:\/\/be-cool.cl\/index.php?rest_route=\/wp\/v2\/users\/1"}],"replies":[{"embeddable":true,"href":"https:\/\/be-cool.cl\/index.php?rest_route=%2Fwp%2Fv2%2Fcomments&post=44"}],"version-history":[{"count":41,"href":"https:\/\/be-cool.cl\/index.php?rest_route=\/wp\/v2\/pages\/44\/revisions"}],"predecessor-version":[{"id":661,"href":"https:\/\/be-cool.cl\/index.php?rest_route=\/wp\/v2\/pages\/44\/revisions\/661"}],"wp:featuredmedia":[{"embeddable":true,"href":"https:\/\/be-cool.cl\/index.php?rest_route=\/wp\/v2\/media\/55"}],"wp:attachment":[{"href":"https:\/\/be-cool.cl\/index.php?rest_route=%2Fwp%2Fv2%2Fmedia&parent=44"}],"curies":[{"name":"wp","href":"https:\/\/api.w.org\/{rel}","templated":true}]}}